{"id":22,"date":"2022-06-09T07:33:41","date_gmt":"2022-06-09T07:33:41","guid":{"rendered":"https:\/\/vishandelbirger-staging.host.vlaanderen\/?page_id=22"},"modified":"2024-05-08T13:42:07","modified_gmt":"2024-05-08T13:42:07","slug":"geschiedenis","status":"publish","type":"page","link":"https:\/\/vishandel-birger.be\/fr\/geschiedenis\/","title":{"rendered":"Histoire"},"content":{"rendered":"<div data-elementor-type=\"wp-page\" data-elementor-id=\"22\" class=\"elementor elementor-22\" data-elementor-post-type=\"page\">\n\t\t\t\t\t\t<section class=\"elementor-section elementor-top-section elementor-element elementor-element-c419e3f elementor-section-boxed elementor-section-height-default elementor-section-height-default\" data-id=\"c419e3f\" data-element_type=\"section\" data-settings=\"{&quot;background_background&quot;:&quot;classic&quot;}\">\n\t\t\t\t\t\t<div class=\"elementor-container elementor-column-gap-default\">\n\t\t\t\t\t<div class=\"elementor-column elementor-col-100 elementor-top-column elementor-element elementor-element-a964084\" data-id=\"a964084\" data-element_type=\"column\">\n\t\t\t<div class=\"elementor-widget-wrap elementor-element-populated\">\n\t\t\t\t\t\t<div class=\"elementor-element elementor-element-bf0eb1d elementor-widget elementor-widget-heading\" data-id=\"bf0eb1d\" data-element_type=\"widget\" data-widget_type=\"heading.default\">\n\t\t\t\t<div class=\"elementor-widget-container\">\n\t\t\t\t\t<h2 class=\"elementor-heading-title elementor-size-default\">Notre histoire<\/h2>\t\t\t\t<\/div>\n\t\t\t\t<\/div>\n\t\t\t\t<div class=\"elementor-element elementor-element-7e0b704 elementor-widget elementor-widget-jet-listing-grid\" data-id=\"7e0b704\" data-element_type=\"widget\" data-settings=\"{&quot;columns&quot;:&quot;1&quot;,&quot;columns_tablet&quot;:&quot;1&quot;,&quot;columns_mobile&quot;:&quot;1&quot;}\" data-widget_type=\"jet-listing-grid.default\">\n\t\t\t\t<div class=\"elementor-widget-container\">\n\t\t\t\t\t<div class=\"jet-listing-grid jet-listing\"><div class=\"jet-listing-grid__slider\" data-slider_options=\"{&quot;autoplaySpeed&quot;:5000,&quot;autoplay&quot;:true,&quot;pauseOnHover&quot;:true,&quot;infinite&quot;:true,&quot;centerMode&quot;:false,&quot;speed&quot;:500,&quot;arrows&quot;:true,&quot;dots&quot;:false,&quot;slidesToScroll&quot;:1,&quot;prevArrow&quot;:&quot;\\u003Cdiv class=\\u0027jet-listing-grid__slider-icon prev-arrow \\u0027 role=\\u0027button\\u0027 aria-label=\\u0027Previous\\u0027\\u003E\\u003Csvg width=\\u0027180\\u0027 height=\\u0027180\\u0027 viewBox=\\u00270 0 180 180\\u0027 fill=\\u0027none\\u0027 xmlns=\\u0027http:\\\/\\\/www.w3.org\\\/2000\\\/svg\\u0027\\u003E\\u003Cpath d=\\u0027M140.093 36.6365L86.7876 90L140.093 143.364C141.364 144.636 142 146.144 142 147.886C142 149.628 141.364 151.135 140.093 152.408L123.429 169.091C122.157 170.364 120.651 171 118.911 171C117.171 171 115.665 170.364 114.394 169.091L39.9073 94.5223C38.6358 93.2494 38 91.7419 38 90C38 88.2581 38.6358 86.7506 39.9073 85.4777L114.394 10.9094C115.665 9.63648 117.171 9 118.911 9C120.651 9 122.157 9.63648 123.429 10.9094L140.093 27.5918C141.364 28.8648 142 30.3722 142 32.1141C142 33.8561 141.364 35.3635 140.093 36.6365Z\\u0027 fill=\\u0027black\\u0027\\\/\\u003E\\u003C\\\/svg\\u003E\\u003C\\\/div\\u003E&quot;,&quot;nextArrow&quot;:&quot;\\u003Cdiv class=\\u0027jet-listing-grid__slider-icon next-arrow \\u0027 role=\\u0027button\\u0027 aria-label=\\u0027Next\\u0027\\u003E\\u003Csvg width=\\u0027180\\u0027 height=\\u0027180\\u0027 viewBox=\\u00270 0 180 180\\u0027 fill=\\u0027none\\u0027 xmlns=\\u0027http:\\\/\\\/www.w3.org\\\/2000\\\/svg\\u0027\\u003E\\u003Cpath d=\\u0027M140.093 36.6365L86.7876 90L140.093 143.364C141.364 144.636 142 146.144 142 147.886C142 149.628 141.364 151.135 140.093 152.408L123.429 169.091C122.157 170.364 120.651 171 118.911 171C117.171 171 115.665 170.364 114.394 169.091L39.9073 94.5223C38.6358 93.2494 38 91.7419 38 90C38 88.2581 38.6358 86.7506 39.9073 85.4777L114.394 10.9094C115.665 9.63648 117.171 9 118.911 9C120.651 9 122.157 9.63648 123.429 10.9094L140.093 27.5918C141.364 28.8648 142 30.3722 142 32.1141C142 33.8561 141.364 35.3635 140.093 36.6365Z\\u0027 fill=\\u0027black\\u0027\\\/\\u003E\\u003C\\\/svg\\u003E\\u003C\\\/div\\u003E&quot;,&quot;rtl&quot;:false,&quot;itemsCount&quot;:5,&quot;fade&quot;:false,&quot;slidesToShow&quot;:{&quot;desktop&quot;:1,&quot;tablet&quot;:1,&quot;mobile&quot;:1}}\" dir=\"ltr\"><div class=\"jet-listing-grid__items grid-col-desk-1 grid-col-tablet-1 grid-col-mobile-1 jet-listing-grid--1864\" data-queried-id=\"22|WP_Post\" data-nav=\"{&quot;enabled&quot;:false,&quot;type&quot;:null,&quot;more_el&quot;:null,&quot;query&quot;:[],&quot;widget_settings&quot;:{&quot;lisitng_id&quot;:1864,&quot;posts_num&quot;:12,&quot;columns&quot;:1,&quot;columns_tablet&quot;:1,&quot;columns_mobile&quot;:1,&quot;column_min_width&quot;:240,&quot;column_min_width_tablet&quot;:240,&quot;column_min_width_mobile&quot;:240,&quot;inline_columns_css&quot;:false,&quot;is_archive_template&quot;:&quot;&quot;,&quot;post_status&quot;:[&quot;publish&quot;],&quot;use_random_posts_num&quot;:&quot;&quot;,&quot;max_posts_num&quot;:9,&quot;not_found_message&quot;:&quot;No data was found&quot;,&quot;is_masonry&quot;:false,&quot;equal_columns_height&quot;:&quot;&quot;,&quot;use_load_more&quot;:&quot;&quot;,&quot;load_more_id&quot;:&quot;&quot;,&quot;load_more_type&quot;:&quot;click&quot;,&quot;load_more_offset&quot;:{&quot;unit&quot;:&quot;px&quot;,&quot;size&quot;:0,&quot;sizes&quot;:[]},&quot;use_custom_post_types&quot;:&quot;&quot;,&quot;custom_post_types&quot;:[],&quot;hide_widget_if&quot;:&quot;&quot;,&quot;carousel_enabled&quot;:&quot;yes&quot;,&quot;slides_to_scroll&quot;:&quot;1&quot;,&quot;arrows&quot;:&quot;true&quot;,&quot;arrow_icon&quot;:&quot;fa fa-chevron-left&quot;,&quot;dots&quot;:&quot;&quot;,&quot;autoplay&quot;:&quot;true&quot;,&quot;pause_on_hover&quot;:&quot;true&quot;,&quot;autoplay_speed&quot;:5000,&quot;infinite&quot;:&quot;true&quot;,&quot;center_mode&quot;:&quot;&quot;,&quot;effect&quot;:&quot;slide&quot;,&quot;speed&quot;:500,&quot;inject_alternative_items&quot;:&quot;&quot;,&quot;injection_items&quot;:[],&quot;scroll_slider_enabled&quot;:&quot;&quot;,&quot;scroll_slider_on&quot;:[&quot;desktop&quot;,&quot;tablet&quot;,&quot;mobile&quot;],&quot;custom_query&quot;:false,&quot;custom_query_id&quot;:&quot;&quot;,&quot;_element_id&quot;:&quot;&quot;,&quot;collapse_first_last_gap&quot;:false,&quot;list_tag_selection&quot;:&quot;&quot;,&quot;list_items_wrapper_tag&quot;:&quot;div&quot;,&quot;list_item_tag&quot;:&quot;div&quot;,&quot;empty_items_wrapper_tag&quot;:&quot;div&quot;}}\" data-page=\"1\" data-pages=\"1\" data-listing-source=\"posts\" data-listing-id=\"1864\" data-query-id=\"\"><div class=\"jet-listing-grid__item jet-listing-dynamic-post-1859\" data-post-id=\"1859\"  >\t\t<div data-elementor-type=\"jet-listing-items\" data-elementor-id=\"1864\" class=\"elementor elementor-1864\" data-elementor-post-type=\"jet-engine\">\n\t\t\t\t\t\t<section class=\"elementor-section elementor-top-section elementor-element elementor-element-57a4dce elementor-section-boxed elementor-section-height-default elementor-section-height-default\" data-id=\"57a4dce\" data-element_type=\"section\">\n\t\t\t\t\t\t<div class=\"elementor-container elementor-column-gap-default\">\n\t\t\t\t\t<div class=\"elementor-column elementor-col-100 elementor-top-column elementor-element elementor-element-bd133cb\" data-id=\"bd133cb\" data-element_type=\"column\">\n\t\t\t<div class=\"elementor-widget-wrap elementor-element-populated\">\n\t\t\t\t\t\t<div class=\"elementor-element elementor-element-cc2dc6a elementor-widget elementor-widget-image\" data-id=\"cc2dc6a\" data-element_type=\"widget\" data-widget_type=\"image.default\">\n\t\t\t\t<div class=\"elementor-widget-container\">\n\t\t\t\t\t\t\t\t\t\t\t\t\t\t\t<img fetchpriority=\"high\" decoding=\"async\" width=\"961\" height=\"649\" src=\"https:\/\/vishandel-birger.be\/wp-content\/uploads\/2022\/06\/eerste-viskar-1.jpg\" class=\"attachment-full size-full wp-image-523\" alt=\"\" srcset=\"https:\/\/vishandel-birger.be\/wp-content\/uploads\/2022\/06\/eerste-viskar-1.jpg 961w, https:\/\/vishandel-birger.be\/wp-content\/uploads\/2022\/06\/eerste-viskar-1-300x203.jpg 300w, https:\/\/vishandel-birger.be\/wp-content\/uploads\/2022\/06\/eerste-viskar-1-768x519.jpg 768w\" sizes=\"(max-width: 961px) 100vw, 961px\" \/>\t\t\t\t\t\t\t\t\t\t\t\t\t\t\t<\/div>\n\t\t\t\t<\/div>\n\t\t\t\t<div class=\"elementor-element elementor-element-03fe965 elementor-widget elementor-widget-heading\" data-id=\"03fe965\" data-element_type=\"widget\" data-widget_type=\"heading.default\">\n\t\t\t\t<div class=\"elementor-widget-container\">\n\t\t\t\t\t<h3 class=\"elementor-heading-title elementor-size-default\">1983<\/h3>\t\t\t\t<\/div>\n\t\t\t\t<\/div>\n\t\t\t\t<div class=\"elementor-element elementor-element-56416b9 elementor-widget elementor-widget-heading\" data-id=\"56416b9\" data-element_type=\"widget\" data-widget_type=\"heading.default\">\n\t\t\t\t<div class=\"elementor-widget-container\">\n\t\t\t\t\t<h1 class=\"elementor-heading-title elementor-size-default\">Au tout d\u00e9but<\/h1>\t\t\t\t<\/div>\n\t\t\t\t<\/div>\n\t\t\t\t<div class=\"elementor-element elementor-element-e4454cc elementor-widget elementor-widget-text-editor\" data-id=\"e4454cc\" data-element_type=\"widget\" data-widget_type=\"text-editor.default\">\n\t\t\t\t<div class=\"elementor-widget-container\">\n\t\t\t\t\t\t\t\t\t<p>L'histoire du <strong>&#8216;Birger verse vis&#8217;<\/strong> remonte \u00e0 <strong>1983<\/strong>. C'est \u00e0 cette \u00e9poque que Frank Jungblut a commenc\u00e9 \u00e0 vendre du poisson frais de mani\u00e8re tr\u00e8s modeste.<\/p>\n\t\t\t\t\t\t\t\t<\/div>\n\t\t\t\t<\/div>\n\t\t\t\t\t<\/div>\n\t\t<\/div>\n\t\t\t\t\t<\/div>\n\t\t<\/section>\n\t\t\t\t<\/div>\n\t\t<\/div><div class=\"jet-listing-grid__item jet-listing-dynamic-post-1860\" data-post-id=\"1860\"  >\t\t<div data-elementor-type=\"jet-listing-items\" data-elementor-id=\"1864\" class=\"elementor elementor-1864\" data-elementor-post-type=\"jet-engine\">\n\t\t\t\t\t\t<section class=\"elementor-section elementor-top-section elementor-element elementor-element-57a4dce elementor-section-boxed elementor-section-height-default elementor-section-height-default\" data-id=\"57a4dce\" data-element_type=\"section\">\n\t\t\t\t\t\t<div class=\"elementor-container elementor-column-gap-default\">\n\t\t\t\t\t<div class=\"elementor-column elementor-col-100 elementor-top-column elementor-element elementor-element-bd133cb\" data-id=\"bd133cb\" data-element_type=\"column\">\n\t\t\t<div class=\"elementor-widget-wrap elementor-element-populated\">\n\t\t\t\t\t\t<div class=\"elementor-element elementor-element-cc2dc6a elementor-widget elementor-widget-image\" data-id=\"cc2dc6a\" data-element_type=\"widget\" data-widget_type=\"image.default\">\n\t\t\t\t<div class=\"elementor-widget-container\">\n\t\t\t\t\t\t\t\t\t\t\t\t\t\t\t<img decoding=\"async\" width=\"961\" height=\"649\" src=\"https:\/\/vishandel-birger.be\/wp-content\/uploads\/2024\/05\/viswinkel.jpg\" class=\"attachment-full size-full wp-image-1880\" alt=\"\" srcset=\"https:\/\/vishandel-birger.be\/wp-content\/uploads\/2024\/05\/viswinkel.jpg 961w, https:\/\/vishandel-birger.be\/wp-content\/uploads\/2024\/05\/viswinkel-300x203.jpg 300w, https:\/\/vishandel-birger.be\/wp-content\/uploads\/2024\/05\/viswinkel-768x519.jpg 768w, https:\/\/vishandel-birger.be\/wp-content\/uploads\/2024\/05\/viswinkel-18x12.jpg 18w\" sizes=\"(max-width: 961px) 100vw, 961px\" \/>\t\t\t\t\t\t\t\t\t\t\t\t\t\t\t<\/div>\n\t\t\t\t<\/div>\n\t\t\t\t<div class=\"elementor-element elementor-element-03fe965 elementor-widget elementor-widget-heading\" data-id=\"03fe965\" data-element_type=\"widget\" data-widget_type=\"heading.default\">\n\t\t\t\t<div class=\"elementor-widget-container\">\n\t\t\t\t\t<h3 class=\"elementor-heading-title elementor-size-default\">1997<\/h3>\t\t\t\t<\/div>\n\t\t\t\t<\/div>\n\t\t\t\t<div class=\"elementor-element elementor-element-56416b9 elementor-widget elementor-widget-heading\" data-id=\"56416b9\" data-element_type=\"widget\" data-widget_type=\"heading.default\">\n\t\t\t\t<div class=\"elementor-widget-container\">\n\t\t\t\t\t<h1 class=\"elementor-heading-title elementor-size-default\">Ouverture du magasin<\/h1>\t\t\t\t<\/div>\n\t\t\t\t<\/div>\n\t\t\t\t<div class=\"elementor-element elementor-element-e4454cc elementor-widget elementor-widget-text-editor\" data-id=\"e4454cc\" data-element_type=\"widget\" data-widget_type=\"text-editor.default\">\n\t\t\t\t<div class=\"elementor-widget-container\">\n\t\t\t\t\t\t\t\t\t<p>En plus des march\u00e9s hebdomadaires, il y avait \u00e9galement un magasin permanent au Valkestraat 9 \u00e0 Nieuport.<\/p>\n\t\t\t\t\t\t\t\t<\/div>\n\t\t\t\t<\/div>\n\t\t\t\t\t<\/div>\n\t\t<\/div>\n\t\t\t\t\t<\/div>\n\t\t<\/section>\n\t\t\t\t<\/div>\n\t\t<\/div><div class=\"jet-listing-grid__item jet-listing-dynamic-post-1861\" data-post-id=\"1861\"  >\t\t<div data-elementor-type=\"jet-listing-items\" data-elementor-id=\"1864\" class=\"elementor elementor-1864\" data-elementor-post-type=\"jet-engine\">\n\t\t\t\t\t\t<section class=\"elementor-section elementor-top-section elementor-element elementor-element-57a4dce elementor-section-boxed elementor-section-height-default elementor-section-height-default\" data-id=\"57a4dce\" data-element_type=\"section\">\n\t\t\t\t\t\t<div class=\"elementor-container elementor-column-gap-default\">\n\t\t\t\t\t<div class=\"elementor-column elementor-col-100 elementor-top-column elementor-element elementor-element-bd133cb\" data-id=\"bd133cb\" data-element_type=\"column\">\n\t\t\t<div class=\"elementor-widget-wrap elementor-element-populated\">\n\t\t\t\t\t\t<div class=\"elementor-element elementor-element-cc2dc6a elementor-widget elementor-widget-image\" data-id=\"cc2dc6a\" data-element_type=\"widget\" data-widget_type=\"image.default\">\n\t\t\t\t<div class=\"elementor-widget-container\">\n\t\t\t\t\t\t\t\t\t\t\t\t\t\t\t<img decoding=\"async\" width=\"1018\" height=\"768\" src=\"https:\/\/vishandel-birger.be\/wp-content\/uploads\/2022\/06\/im000858-1_lightbox.jpg\" class=\"attachment-full size-full wp-image-524\" alt=\"\" srcset=\"https:\/\/vishandel-birger.be\/wp-content\/uploads\/2022\/06\/im000858-1_lightbox.jpg 1018w, https:\/\/vishandel-birger.be\/wp-content\/uploads\/2022\/06\/im000858-1_lightbox-300x226.jpg 300w, https:\/\/vishandel-birger.be\/wp-content\/uploads\/2022\/06\/im000858-1_lightbox-768x579.jpg 768w\" sizes=\"(max-width: 1018px) 100vw, 1018px\" \/>\t\t\t\t\t\t\t\t\t\t\t\t\t\t\t<\/div>\n\t\t\t\t<\/div>\n\t\t\t\t<div class=\"elementor-element elementor-element-03fe965 elementor-widget elementor-widget-heading\" data-id=\"03fe965\" data-element_type=\"widget\" data-widget_type=\"heading.default\">\n\t\t\t\t<div class=\"elementor-widget-container\">\n\t\t\t\t\t<h3 class=\"elementor-heading-title elementor-size-default\">2003<\/h3>\t\t\t\t<\/div>\n\t\t\t\t<\/div>\n\t\t\t\t<div class=\"elementor-element elementor-element-56416b9 elementor-widget elementor-widget-heading\" data-id=\"56416b9\" data-element_type=\"widget\" data-widget_type=\"heading.default\">\n\t\t\t\t<div class=\"elementor-widget-container\">\n\t\t\t\t\t<h1 class=\"elementor-heading-title elementor-size-default\">Arr\u00eat des march\u00e9s hebdomadaires<\/h1>\t\t\t\t<\/div>\n\t\t\t\t<\/div>\n\t\t\t\t<div class=\"elementor-element elementor-element-e4454cc elementor-widget elementor-widget-text-editor\" data-id=\"e4454cc\" data-element_type=\"widget\" data-widget_type=\"text-editor.default\">\n\t\t\t\t<div class=\"elementor-widget-container\">\n\t\t\t\t\t\t\t\t\t<p>Le magasin et les march\u00e9s ont \u00e9t\u00e9 fusionn\u00e9s pendant un certain temps, mais en raison du succ\u00e8s croissant du magasin, les march\u00e9s ont finalement \u00e9t\u00e9 abandonn\u00e9s. Une photo du dernier jour de march\u00e9 \u00e0 Genk<\/p>\n\t\t\t\t\t\t\t\t<\/div>\n\t\t\t\t<\/div>\n\t\t\t\t\t<\/div>\n\t\t<\/div>\n\t\t\t\t\t<\/div>\n\t\t<\/section>\n\t\t\t\t<\/div>\n\t\t<\/div><div class=\"jet-listing-grid__item jet-listing-dynamic-post-1862\" data-post-id=\"1862\"  >\t\t<div data-elementor-type=\"jet-listing-items\" data-elementor-id=\"1864\" class=\"elementor elementor-1864\" data-elementor-post-type=\"jet-engine\">\n\t\t\t\t\t\t<section class=\"elementor-section elementor-top-section elementor-element elementor-element-57a4dce elementor-section-boxed elementor-section-height-default elementor-section-height-default\" data-id=\"57a4dce\" data-element_type=\"section\">\n\t\t\t\t\t\t<div class=\"elementor-container elementor-column-gap-default\">\n\t\t\t\t\t<div class=\"elementor-column elementor-col-100 elementor-top-column elementor-element elementor-element-bd133cb\" data-id=\"bd133cb\" data-element_type=\"column\">\n\t\t\t<div class=\"elementor-widget-wrap elementor-element-populated\">\n\t\t\t\t\t\t<div class=\"elementor-element elementor-element-cc2dc6a elementor-widget elementor-widget-image\" data-id=\"cc2dc6a\" data-element_type=\"widget\" data-widget_type=\"image.default\">\n\t\t\t\t<div class=\"elementor-widget-container\">\n\t\t\t\t\t\t\t\t\t\t\t\t\t\t\t<img loading=\"lazy\" decoding=\"async\" width=\"597\" height=\"443\" src=\"https:\/\/vishandel-birger.be\/wp-content\/uploads\/2022\/07\/Birger.jpg\" class=\"attachment-full size-full wp-image-972\" alt=\"\" srcset=\"https:\/\/vishandel-birger.be\/wp-content\/uploads\/2022\/07\/Birger.jpg 597w, https:\/\/vishandel-birger.be\/wp-content\/uploads\/2022\/07\/Birger-300x223.jpg 300w\" sizes=\"(max-width: 597px) 100vw, 597px\" \/>\t\t\t\t\t\t\t\t\t\t\t\t\t\t\t<\/div>\n\t\t\t\t<\/div>\n\t\t\t\t<div class=\"elementor-element elementor-element-03fe965 elementor-widget elementor-widget-heading\" data-id=\"03fe965\" data-element_type=\"widget\" data-widget_type=\"heading.default\">\n\t\t\t\t<div class=\"elementor-widget-container\">\n\t\t\t\t\t<h3 class=\"elementor-heading-title elementor-size-default\">2005<\/h3>\t\t\t\t<\/div>\n\t\t\t\t<\/div>\n\t\t\t\t<div class=\"elementor-element elementor-element-56416b9 elementor-widget elementor-widget-heading\" data-id=\"56416b9\" data-element_type=\"widget\" data-widget_type=\"heading.default\">\n\t\t\t\t<div class=\"elementor-widget-container\">\n\t\t\t\t\t<h1 class=\"elementor-heading-title elementor-size-default\">Fils Birger renforce l'\u00e9quipe<\/h1>\t\t\t\t<\/div>\n\t\t\t\t<\/div>\n\t\t\t\t<div class=\"elementor-element elementor-element-e4454cc elementor-widget elementor-widget-text-editor\" data-id=\"e4454cc\" data-element_type=\"widget\" data-widget_type=\"text-editor.default\">\n\t\t\t\t<div class=\"elementor-widget-container\">\n\t\t\t\t\t\t\t\t\t<p>P\u00e8re et Fils g\u00e8rent le magasin ensemble, fid\u00e8les \u00e0 leur vision originale : du poisson frais de qualit\u00e9 \u00e0 un prix comp\u00e9titif. Aujourd'hui encore, il jouit d'une grande estime, en partie gr\u00e2ce aux efforts de tous les collaborateurs du studio, de la cuisine et du magasin. <strong>verse kwaliteitsvis tegen een scherpe prijs<\/strong>. Tot op de dag van vandaag nog altijd hoog in het vaandel gedragen mede door de inzet van alle medewerkers zowel in het atelier, in de keuken als in de winkel.<\/p>\n\t\t\t\t\t\t\t\t<\/div>\n\t\t\t\t<\/div>\n\t\t\t\t\t<\/div>\n\t\t<\/div>\n\t\t\t\t\t<\/div>\n\t\t<\/section>\n\t\t\t\t<\/div>\n\t\t<\/div><div class=\"jet-listing-grid__item jet-listing-dynamic-post-1863\" data-post-id=\"1863\"  >\t\t<div data-elementor-type=\"jet-listing-items\" data-elementor-id=\"1864\" class=\"elementor elementor-1864\" data-elementor-post-type=\"jet-engine\">\n\t\t\t\t\t\t<section class=\"elementor-section elementor-top-section elementor-element elementor-element-57a4dce elementor-section-boxed elementor-section-height-default elementor-section-height-default\" data-id=\"57a4dce\" data-element_type=\"section\">\n\t\t\t\t\t\t<div class=\"elementor-container elementor-column-gap-default\">\n\t\t\t\t\t<div class=\"elementor-column elementor-col-100 elementor-top-column elementor-element elementor-element-bd133cb\" data-id=\"bd133cb\" data-element_type=\"column\">\n\t\t\t<div class=\"elementor-widget-wrap elementor-element-populated\">\n\t\t\t\t\t\t<div class=\"elementor-element elementor-element-cc2dc6a elementor-widget elementor-widget-image\" data-id=\"cc2dc6a\" data-element_type=\"widget\" data-widget_type=\"image.default\">\n\t\t\t\t<div class=\"elementor-widget-container\">\n\t\t\t\t\t\t\t\t\t\t\t\t\t\t\t<img loading=\"lazy\" decoding=\"async\" width=\"1663\" height=\"1068\" src=\"https:\/\/vishandel-birger.be\/wp-content\/uploads\/2023\/03\/front-winkel-homepagina.jpg\" class=\"attachment-full size-full wp-image-1418\" alt=\"\" srcset=\"https:\/\/vishandel-birger.be\/wp-content\/uploads\/2023\/03\/front-winkel-homepagina.jpg 1663w, https:\/\/vishandel-birger.be\/wp-content\/uploads\/2023\/03\/front-winkel-homepagina-300x193.jpg 300w, https:\/\/vishandel-birger.be\/wp-content\/uploads\/2023\/03\/front-winkel-homepagina-1024x658.jpg 1024w, https:\/\/vishandel-birger.be\/wp-content\/uploads\/2023\/03\/front-winkel-homepagina-768x493.jpg 768w, https:\/\/vishandel-birger.be\/wp-content\/uploads\/2023\/03\/front-winkel-homepagina-1536x986.jpg 1536w, https:\/\/vishandel-birger.be\/wp-content\/uploads\/2023\/03\/front-winkel-homepagina-18x12.jpg 18w\" sizes=\"(max-width: 1663px) 100vw, 1663px\" \/>\t\t\t\t\t\t\t\t\t\t\t\t\t\t\t<\/div>\n\t\t\t\t<\/div>\n\t\t\t\t<div class=\"elementor-element elementor-element-03fe965 elementor-widget elementor-widget-heading\" data-id=\"03fe965\" data-element_type=\"widget\" data-widget_type=\"heading.default\">\n\t\t\t\t<div class=\"elementor-widget-container\">\n\t\t\t\t\t<h3 class=\"elementor-heading-title elementor-size-default\">2022<\/h3>\t\t\t\t<\/div>\n\t\t\t\t<\/div>\n\t\t\t\t<div class=\"elementor-element elementor-element-56416b9 elementor-widget elementor-widget-heading\" data-id=\"56416b9\" data-element_type=\"widget\" data-widget_type=\"heading.default\">\n\t\t\t\t<div class=\"elementor-widget-container\">\n\t\t\t\t\t<h1 class=\"elementor-heading-title elementor-size-default\">Make-over<\/h1>\t\t\t\t<\/div>\n\t\t\t\t<\/div>\n\t\t\t\t<div class=\"elementor-element elementor-element-e4454cc elementor-widget elementor-widget-text-editor\" data-id=\"e4454cc\" data-element_type=\"widget\" data-widget_type=\"text-editor.default\">\n\t\t\t\t<div class=\"elementor-widget-container\">\n\t\t\t\t\t\t\t\t\t<p>\u2018<strong>Birger verse vis<\/strong>' fait peau neuve. Le magasin est enti\u00e8rement r\u00e9nov\u00e9.<br \/>\nUn nouveau logo et un nouveau site internet sont lanc\u00e9s.<\/p>\n\t\t\t\t\t\t\t\t<\/div>\n\t\t\t\t<\/div>\n\t\t\t\t\t<\/div>\n\t\t<\/div>\n\t\t\t\t\t<\/div>\n\t\t<\/section>\n\t\t\t\t<\/div>\n\t\t<\/div><\/div><\/div><\/div>\t\t\t\t<\/div>\n\t\t\t\t<\/div>\n\t\t\t\t\t<\/div>\n\t\t<\/div>\n\t\t\t\t\t<\/div>\n\t\t<\/section>\n\t\t\t\t<\/div>","protected":false},"excerpt":{"rendered":"<p>Notre histoire<\/p>","protected":false},"author":1,"featured_media":0,"parent":0,"menu_order":0,"comment_status":"closed","ping_status":"closed","template":"elementor_header_footer","meta":{"footnotes":""},"class_list":["post-22","page","type-page","status-publish","hentry"],"_links":{"self":[{"href":"https:\/\/vishandel-birger.be\/fr\/wp-json\/wp\/v2\/pages\/22","targetHints":{"allow":["GET"]}}],"collection":[{"href":"https:\/\/vishandel-birger.be\/fr\/wp-json\/wp\/v2\/pages"}],"about":[{"href":"https:\/\/vishandel-birger.be\/fr\/wp-json\/wp\/v2\/types\/page"}],"author":[{"embeddable":true,"href":"https:\/\/vishandel-birger.be\/fr\/wp-json\/wp\/v2\/users\/1"}],"replies":[{"embeddable":true,"href":"https:\/\/vishandel-birger.be\/fr\/wp-json\/wp\/v2\/comments?post=22"}],"version-history":[{"count":241,"href":"https:\/\/vishandel-birger.be\/fr\/wp-json\/wp\/v2\/pages\/22\/revisions"}],"predecessor-version":[{"id":1890,"href":"https:\/\/vishandel-birger.be\/fr\/wp-json\/wp\/v2\/pages\/22\/revisions\/1890"}],"wp:attachment":[{"href":"https:\/\/vishandel-birger.be\/fr\/wp-json\/wp\/v2\/media?parent=22"}],"curies":[{"name":"wp","href":"https:\/\/api.w.org\/{rel}","templated":true}]}}