{"id":20,"date":"2022-06-09T07:33:13","date_gmt":"2022-06-09T07:33:13","guid":{"rendered":"https:\/\/vishandelbirger-staging.host.vlaanderen\/?page_id=20"},"modified":"2026-02-16T11:37:32","modified_gmt":"2026-02-16T10:37:32","slug":"schotels","status":"publish","type":"page","link":"https:\/\/vishandel-birger.be\/fr\/schotels\/","title":{"rendered":"Plats"},"content":{"rendered":"<div data-elementor-type=\"wp-page\" data-elementor-id=\"20\" class=\"elementor elementor-20\" data-elementor-post-type=\"page\">\n\t\t\t\t\t\t<section class=\"elementor-section elementor-top-section elementor-element elementor-element-7051680 elementor-section-height-min-height elementor-section-items-bottom elementor-section-boxed elementor-section-height-default\" data-id=\"7051680\" data-element_type=\"section\" data-settings=\"{&quot;background_background&quot;:&quot;classic&quot;}\">\n\t\t\t\t\t\t<div class=\"elementor-container elementor-column-gap-default\">\n\t\t\t\t\t<div class=\"elementor-column elementor-col-100 elementor-top-column elementor-element elementor-element-5034ba8\" data-id=\"5034ba8\" data-element_type=\"column\" data-settings=\"{&quot;background_background&quot;:&quot;classic&quot;}\">\n\t\t\t<div class=\"elementor-widget-wrap elementor-element-populated\">\n\t\t\t\t\t\t<div class=\"elementor-element elementor-element-6a98f46 elementor-widget elementor-widget-heading\" data-id=\"6a98f46\" data-element_type=\"widget\" data-widget_type=\"heading.default\">\n\t\t\t\t<div class=\"elementor-widget-container\">\n\t\t\t\t\t<h1 class=\"elementor-heading-title elementor-size-default\">Plats<\/h1>\t\t\t\t<\/div>\n\t\t\t\t<\/div>\n\t\t\t\t<div class=\"elementor-element elementor-element-a829f2b elementor-widget elementor-widget-text-editor\" data-id=\"a829f2b\" data-element_type=\"widget\" data-widget_type=\"text-editor.default\">\n\t\t\t\t<div class=\"elementor-widget-container\">\n\t\t\t\t\t\t\t\t\t<p>Commandez l'un de nos d\u00e9licieux plats de poisson et go\u00fbtez \u00e0 notre savoir-faire. Merci de commander au moins un jour \u00e0 l'avance avant 10h00 par t\u00e9l\u00e9phone ou en magasin.<\/p>\t\t\t\t\t\t\t\t<\/div>\n\t\t\t\t<\/div>\n\t\t\t\t<div class=\"elementor-element elementor-element-64c6cab elementor-align-center elementor-widget elementor-widget-button\" data-id=\"64c6cab\" data-element_type=\"widget\" data-widget_type=\"button.default\">\n\t\t\t\t<div class=\"elementor-widget-container\">\n\t\t\t\t\t\t\t\t\t<div class=\"elementor-button-wrapper\">\n\t\t\t\t\t<a class=\"elementor-button elementor-button-link elementor-size-sm\" href=\"tel:058%2023%2080%2013\">\n\t\t\t\t\t\t<span class=\"elementor-button-content-wrapper\">\n\t\t\t\t\t\t\t\t\t<span class=\"elementor-button-text\">Appelez-nous<\/span>\n\t\t\t\t\t<\/span>\n\t\t\t\t\t<\/a>\n\t\t\t\t<\/div>\n\t\t\t\t\t\t\t\t<\/div>\n\t\t\t\t<\/div>\n\t\t\t\t\t<\/div>\n\t\t<\/div>\n\t\t\t\t\t<\/div>\n\t\t<\/section>\n\t\t\t\t<section class=\"elementor-section elementor-top-section elementor-element elementor-element-7497499 elementor-section-boxed elementor-section-height-default elementor-section-height-default\" data-id=\"7497499\" data-element_type=\"section\">\n\t\t\t\t\t\t<div class=\"elementor-container elementor-column-gap-default\">\n\t\t\t\t\t<div class=\"elementor-column elementor-col-100 elementor-top-column elementor-element elementor-element-71ef79e\" data-id=\"71ef79e\" data-element_type=\"column\">\n\t\t\t<div class=\"elementor-widget-wrap elementor-element-populated\">\n\t\t\t\t\t\t<div class=\"elementor-element elementor-element-e0c88a1 elementor-widget elementor-widget-heading\" data-id=\"e0c88a1\" data-element_type=\"widget\" data-widget_type=\"heading.default\">\n\t\t\t\t<div class=\"elementor-widget-container\">\n\t\t\t\t\t<h3 class=\"elementor-heading-title elementor-size-default\">Avec chaque plat, une sauce froide pour 2 personnes au choix est offerte !<\/h3>\t\t\t\t<\/div>\n\t\t\t\t<\/div>\n\t\t\t\t\t<\/div>\n\t\t<\/div>\n\t\t\t\t\t<\/div>\n\t\t<\/section>\n\t\t\t\t<section class=\"elementor-section elementor-top-section elementor-element elementor-element-e82222d elementor-section-boxed elementor-section-height-default elementor-section-height-default\" data-id=\"e82222d\" data-element_type=\"section\" data-settings=\"{&quot;background_background&quot;:&quot;classic&quot;}\">\n\t\t\t\t\t\t<div class=\"elementor-container elementor-column-gap-default\">\n\t\t\t\t\t<div class=\"elementor-column elementor-col-25 elementor-top-column elementor-element elementor-element-5f78de6\" data-id=\"5f78de6\" data-element_type=\"column\">\n\t\t\t<div class=\"elementor-widget-wrap elementor-element-populated\">\n\t\t\t\t\t\t<div class=\"elementor-element elementor-element-ccd4320 elementor-widget elementor-widget-image\" data-id=\"ccd4320\" data-element_type=\"widget\" data-widget_type=\"image.default\">\n\t\t\t\t<div class=\"elementor-widget-container\">\n\t\t\t\t\t\t\t\t\t\t\t\t<figure class=\"wp-caption\">\n\t\t\t\t\t\t\t\t\t\t<img fetchpriority=\"high\" decoding=\"async\" width=\"284\" height=\"325\" src=\"https:\/\/vishandel-birger.be\/wp-content\/uploads\/2023\/03\/007-8-1.jpg\" class=\"attachment-large size-large wp-image-1529\" alt=\"\" srcset=\"https:\/\/vishandel-birger.be\/wp-content\/uploads\/2023\/03\/007-8-1.jpg 284w, https:\/\/vishandel-birger.be\/wp-content\/uploads\/2023\/03\/007-8-1-262x300.jpg 262w, https:\/\/vishandel-birger.be\/wp-content\/uploads\/2023\/03\/007-8-1-10x12.jpg 10w\" sizes=\"(max-width: 284px) 100vw, 284px\" \/>\t\t\t\t\t\t\t\t\t\t\t<figcaption class=\"widget-image-caption wp-caption-text\">\u20ac 31,95 per persoon<\/figcaption>\n\t\t\t\t\t\t\t\t\t\t<\/figure>\n\t\t\t\t\t\t\t\t\t<\/div>\n\t\t\t\t<\/div>\n\t\t\t\t<div class=\"elementor-element elementor-element-908205d elementor-widget elementor-widget-heading\" data-id=\"908205d\" data-element_type=\"widget\" data-widget_type=\"heading.default\">\n\t\t\t\t<div class=\"elementor-widget-container\">\n\t\t\t\t\t<h3 class=\"elementor-heading-title elementor-size-default\">Fondue et gourmet de poisson<\/h3>\t\t\t\t<\/div>\n\t\t\t\t<\/div>\n\t\t\t\t<div class=\"elementor-element elementor-element-251665f elementor-widget elementor-widget-text-editor\" data-id=\"251665f\" data-element_type=\"widget\" data-widget_type=\"text-editor.default\">\n\t\t\t\t<div class=\"elementor-widget-container\">\n\t\t\t\t\t\t\t\t\t<p>Compos\u00e9 de diff\u00e9rentes esp\u00e8ces de poissons fixes :<\/p><p>rouleaux de soles, filet de saumon, lotte, scampi, noix de Saint-Jacques, crevettes grises fra\u00eeches et crevettes royales.<\/p><p>Accompagn\u00e9 d'un bouillon de poisson \u00e9pic\u00e9.<\/p>\t\t\t\t\t\t\t\t<\/div>\n\t\t\t\t<\/div>\n\t\t\t\t\t<\/div>\n\t\t<\/div>\n\t\t\t\t<div class=\"elementor-column elementor-col-25 elementor-top-column elementor-element elementor-element-20c2800\" data-id=\"20c2800\" data-element_type=\"column\">\n\t\t\t<div class=\"elementor-widget-wrap elementor-element-populated\">\n\t\t\t\t\t\t<div class=\"elementor-element elementor-element-42154dd elementor-widget elementor-widget-image\" data-id=\"42154dd\" data-element_type=\"widget\" data-widget_type=\"image.default\">\n\t\t\t\t<div class=\"elementor-widget-container\">\n\t\t\t\t\t\t\t\t\t\t\t\t<figure class=\"wp-caption\">\n\t\t\t\t\t\t\t\t\t\t<img decoding=\"async\" width=\"768\" height=\"881\" src=\"https:\/\/vishandel-birger.be\/wp-content\/uploads\/2023\/03\/bir-4-2-768x881.jpg\" class=\"attachment-medium_large size-medium_large wp-image-1515\" alt=\"\" srcset=\"https:\/\/vishandel-birger.be\/wp-content\/uploads\/2023\/03\/bir-4-2-768x881.jpg 768w, https:\/\/vishandel-birger.be\/wp-content\/uploads\/2023\/03\/bir-4-2-261x300.jpg 261w, https:\/\/vishandel-birger.be\/wp-content\/uploads\/2023\/03\/bir-4-2-10x12.jpg 10w, https:\/\/vishandel-birger.be\/wp-content\/uploads\/2023\/03\/bir-4-2.jpg 874w\" sizes=\"(max-width: 768px) 100vw, 768px\" \/>\t\t\t\t\t\t\t\t\t\t\t<figcaption class=\"widget-image-caption wp-caption-text\">\u20ac 38,95 per persoon<\/figcaption>\n\t\t\t\t\t\t\t\t\t\t<\/figure>\n\t\t\t\t\t\t\t\t\t<\/div>\n\t\t\t\t<\/div>\n\t\t\t\t<div class=\"elementor-element elementor-element-2ae2a89 elementor-widget elementor-widget-heading\" data-id=\"2ae2a89\" data-element_type=\"widget\" data-widget_type=\"heading.default\">\n\t\t\t\t<div class=\"elementor-widget-container\">\n\t\t\t\t\t<h3 class=\"elementor-heading-title elementor-size-default\">Plateau 'Birger'<\/h3>\t\t\t\t<\/div>\n\t\t\t\t<\/div>\n\t\t\t\t<div class=\"elementor-element elementor-element-5532dc7 elementor-widget elementor-widget-text-editor\" data-id=\"5532dc7\" data-element_type=\"widget\" data-widget_type=\"text-editor.default\">\n\t\t\t\t<div class=\"elementor-widget-container\">\n\t\t\t\t\t\t\t\t\t<p>Langoustines, filet de saumon cuit \u00e0 la vapeur, crevette grise \u00e0 la tomate, patte de crabe, saumon fum\u00e9 maison, d\u00e9s d'esturgeon fum\u00e9 et anguille, crevettes royales, mousse de saumon et de cabillaud, \u0153uf mimosa.<\/p>\t\t\t\t\t\t\t\t<\/div>\n\t\t\t\t<\/div>\n\t\t\t\t\t<\/div>\n\t\t<\/div>\n\t\t\t\t<div class=\"elementor-column elementor-col-25 elementor-top-column elementor-element elementor-element-343f687\" data-id=\"343f687\" data-element_type=\"column\">\n\t\t\t<div class=\"elementor-widget-wrap elementor-element-populated\">\n\t\t\t\t\t\t<div class=\"elementor-element elementor-element-130a9ef elementor-widget elementor-widget-image\" data-id=\"130a9ef\" data-element_type=\"widget\" data-widget_type=\"image.default\">\n\t\t\t\t<div class=\"elementor-widget-container\">\n\t\t\t\t\t\t\t\t\t\t\t\t<figure class=\"wp-caption\">\n\t\t\t\t\t\t\t\t\t\t<img decoding=\"async\" width=\"768\" height=\"882\" src=\"https:\/\/vishandel-birger.be\/wp-content\/uploads\/2023\/03\/sur-5-2-768x882.jpg\" class=\"attachment-medium_large size-medium_large wp-image-1513\" alt=\"\" srcset=\"https:\/\/vishandel-birger.be\/wp-content\/uploads\/2023\/03\/sur-5-2-768x882.jpg 768w, https:\/\/vishandel-birger.be\/wp-content\/uploads\/2023\/03\/sur-5-2-261x300.jpg 261w, https:\/\/vishandel-birger.be\/wp-content\/uploads\/2023\/03\/sur-5-2-10x12.jpg 10w, https:\/\/vishandel-birger.be\/wp-content\/uploads\/2023\/03\/sur-5-2.jpg 877w\" sizes=\"(max-width: 768px) 100vw, 768px\" \/>\t\t\t\t\t\t\t\t\t\t\t<figcaption class=\"widget-image-caption wp-caption-text\">\u20ac 56,95 per persoon<\/figcaption>\n\t\t\t\t\t\t\t\t\t\t<\/figure>\n\t\t\t\t\t\t\t\t\t<\/div>\n\t\t\t\t<\/div>\n\t\t\t\t<div class=\"elementor-element elementor-element-0560004 elementor-widget elementor-widget-heading\" data-id=\"0560004\" data-element_type=\"widget\" data-widget_type=\"heading.default\">\n\t\t\t\t<div class=\"elementor-widget-container\">\n\t\t\t\t\t<h3 class=\"elementor-heading-title elementor-size-default\">Plateau 'Surcouf'<\/h3>\t\t\t\t<\/div>\n\t\t\t\t<\/div>\n\t\t\t\t<div class=\"elementor-element elementor-element-ccd51fb elementor-widget elementor-widget-text-editor\" data-id=\"ccd51fb\" data-element_type=\"widget\" data-widget_type=\"text-editor.default\">\n\t\t\t\t<div class=\"elementor-widget-container\">\n\t\t\t\t\t\t\t\t\t<p>Demi homard, filet de saumon cuit \u00e0 la vapeur, crevette grise \u00e0 la tomate, langoustines, bulots, caramboles, crevettes non d\u00e9cortiqu\u00e9es, crevettes royales.<\/p>\t\t\t\t\t\t\t\t<\/div>\n\t\t\t\t<\/div>\n\t\t\t\t\t<\/div>\n\t\t<\/div>\n\t\t\t\t<div class=\"elementor-column elementor-col-25 elementor-top-column elementor-element elementor-element-35bd13f\" data-id=\"35bd13f\" data-element_type=\"column\">\n\t\t\t<div class=\"elementor-widget-wrap elementor-element-populated\">\n\t\t\t\t\t\t<div class=\"elementor-element elementor-element-9023494 elementor-widget elementor-widget-image\" data-id=\"9023494\" data-element_type=\"widget\" data-widget_type=\"image.default\">\n\t\t\t\t<div class=\"elementor-widget-container\">\n\t\t\t\t\t\t\t\t\t\t\t\t<figure class=\"wp-caption\">\n\t\t\t\t\t\t\t\t\t\t<img loading=\"lazy\" decoding=\"async\" width=\"273\" height=\"310\" src=\"https:\/\/vishandel-birger.be\/wp-content\/uploads\/2023\/03\/006.jpg\" class=\"attachment-large size-large wp-image-1533\" alt=\"\" srcset=\"https:\/\/vishandel-birger.be\/wp-content\/uploads\/2023\/03\/006.jpg 273w, https:\/\/vishandel-birger.be\/wp-content\/uploads\/2023\/03\/006-264x300.jpg 264w, https:\/\/vishandel-birger.be\/wp-content\/uploads\/2023\/03\/006-11x12.jpg 11w\" sizes=\"(max-width: 273px) 100vw, 273px\" \/>\t\t\t\t\t\t\t\t\t\t\t<figcaption class=\"widget-image-caption wp-caption-text\">+\/- \u20ac 45,- par personne <\/figcaption>\n\t\t\t\t\t\t\t\t\t\t<\/figure>\n\t\t\t\t\t\t\t\t\t<\/div>\n\t\t\t\t<\/div>\n\t\t\t\t<div class=\"elementor-element elementor-element-64b31f8 elementor-widget elementor-widget-heading\" data-id=\"64b31f8\" data-element_type=\"widget\" data-widget_type=\"heading.default\">\n\t\t\t\t<div class=\"elementor-widget-container\">\n\t\t\t\t\t<h3 class=\"elementor-heading-title elementor-size-default\">Plateau de fruits de mer<\/h3>\t\t\t\t<\/div>\n\t\t\t\t<\/div>\n\t\t\t\t<div class=\"elementor-element elementor-element-5ff48f5 elementor-widget elementor-widget-text-editor\" data-id=\"5ff48f5\" data-element_type=\"widget\" data-widget_type=\"text-editor.default\">\n\t\t\t\t<div class=\"elementor-widget-container\">\n\t\t\t\t\t\t\t\t\t<p>Large choix parmi les produits frais du jour suivants : homard, crabe*, crevettes grises fra\u00eeches, bulots bretons, hu\u00eetres fran\u00e7aises, langoustines, caramboles, crevettes royales et pattes de crabe.<\/p>\t\t\t\t\t\t\t\t<\/div>\n\t\t\t\t<\/div>\n\t\t\t\t<div class=\"elementor-element elementor-element-22f5920 elementor-widget elementor-widget-text-editor\" data-id=\"22f5920\" data-element_type=\"widget\" data-widget_type=\"text-editor.default\">\n\t\t\t\t<div class=\"elementor-widget-container\">\n\t\t\t\t\t\t\t\t\t<p style=\"text-align: center;\">*Le crabe entier est disponible uniquement en automne.<\/p><p style=\"text-align: center;\">** En raison des prix quotidiens des diff\u00e9rents produits, le prix peut varier.<\/p>\t\t\t\t\t\t\t\t<\/div>\n\t\t\t\t<\/div>\n\t\t\t\t\t<\/div>\n\t\t<\/div>\n\t\t\t\t\t<\/div>\n\t\t<\/section>\n\t\t\t\t<section class=\"elementor-section elementor-top-section elementor-element elementor-element-e545a46 elementor-section-boxed elementor-section-height-default elementor-section-height-default\" data-id=\"e545a46\" data-element_type=\"section\">\n\t\t\t\t\t\t<div class=\"elementor-container elementor-column-gap-default\">\n\t\t\t\t\t<div class=\"elementor-column elementor-col-100 elementor-top-column elementor-element elementor-element-c744735 elementor-hidden-desktop elementor-hidden-tablet elementor-hidden-mobile\" data-id=\"c744735\" data-element_type=\"column\">\n\t\t\t<div class=\"elementor-widget-wrap elementor-element-populated\">\n\t\t\t\t\t\t<div class=\"elementor-element elementor-element-0b40a79 elementor-widget elementor-widget-text-editor\" data-id=\"0b40a79\" data-element_type=\"widget\" data-widget_type=\"text-editor.default\">\n\t\t\t\t<div class=\"elementor-widget-container\">\n\t\t\t\t\t\t\t\t\t<h1><span style=\"color: #c36d00;\">&#8216;<strong>BIRGER verse vis<\/strong>&#8216;<\/span> <span style=\"color: #ffffff;\">c\u00e9l\u00e8bre la Saint Valentin!<\/span><\/h1><p>Le vendredie 13 f\u00e9vrier '26, samedi 14 f\u00e9vrier '26 &amp; dimanche 15 f\u00e9vrier '26 vous pourrez profiter de notre <span style=\"color: #ffcc99;\"><strong>menu Saint-Valentin<\/strong><\/span>.<\/p><p>Comme entr\u00e9e 10 hu\u00eetres Saint-Vaast avec une bouteille de cava Vilarnau.<\/p><p>Suivi d'une bouillabaisse, accompagn\u00e9e de toats croustillants et de rouille maison.<\/p><p><strong><span style=\"color: #ffcc99;\">Pour 2 personnes =&gt; \u20ac 80,-\u00a0<\/span><\/strong><\/p><p>Profitez de ce menu avec un nombre impair?\u00a0<\/p><p>C\u2019est possible ! Un suppl\u00e9ment sera factur\u00e9 pour chaque 3\u00e8me\/5\u00e8me\/7\u00e8me\/... personne.<\/p><p>Le suppl\u00e9ment ne contient que les hu\u00eetres et la bouillabaisse (pas de demi-bouteilles de vin).<\/p><p>\u00a0<\/p><p>Nous vous demandons de passer votre commande par t\u00e9l\u00e9phone au num\u00e9ro <strong><span style=\"color: #c36d00;\">058 23 80 13<\/span><\/strong> ou dans <strong><span style=\"color: #c36d00;\">le magasin<\/span><\/strong>.<\/p><p><span style=\"color: #c36d00;\"><span style=\"color: #ffffff;\">Pour vous donner un service optimal<\/span><\/span><strong><span style=\"color: #c36d00;\"> les commandes sont limit\u00e9es cette ann\u00e9e. <\/span><\/strong><\/p><p><strong><span style=\"color: #c36d00;\">Passer <\/span><\/strong><span style=\"color: #c36d00;\"><span style=\"color: #ffffff;\">votre commande<\/span><\/span><strong><span style=\"color: #c36d00;\"> \u00e0 temps est <\/span><\/strong><span style=\"color: #ffffff;\">donc<\/span><strong><span style=\"color: #c36d00;\"> le message.<\/span><\/strong><\/p>\t\t\t\t\t\t\t\t<\/div>\n\t\t\t\t<\/div>\n\t\t\t\t<div class=\"elementor-element elementor-element-1f0dd72 elementor-align-center elementor-widget elementor-widget-button\" data-id=\"1f0dd72\" data-element_type=\"widget\" data-widget_type=\"button.default\">\n\t\t\t\t<div class=\"elementor-widget-container\">\n\t\t\t\t\t\t\t\t\t<div class=\"elementor-button-wrapper\">\n\t\t\t\t\t<a class=\"elementor-button elementor-button-link elementor-size-sm\" href=\"https:\/\/vishandel-birger.be\/wp-content\/uploads\/2026\/01\/Dia1.jpg\" target=\"_blank\">\n\t\t\t\t\t\t<span class=\"elementor-button-content-wrapper\">\n\t\t\t\t\t\t\t\t\t<span class=\"elementor-button-text\">T\u00e9l\u00e9chargez Foldre<\/span>\n\t\t\t\t\t<\/span>\n\t\t\t\t\t<\/a>\n\t\t\t\t<\/div>\n\t\t\t\t\t\t\t\t<\/div>\n\t\t\t\t<\/div>\n\t\t\t\t\t<\/div>\n\t\t<\/div>\n\t\t\t\t\t<\/div>\n\t\t<\/section>\n\t\t\t\t<section class=\"elementor-section elementor-top-section elementor-element elementor-element-1e76fd7 elementor-section-boxed elementor-section-height-default elementor-section-height-default\" data-id=\"1e76fd7\" data-element_type=\"section\">\n\t\t\t\t\t\t<div class=\"elementor-container elementor-column-gap-default\">\n\t\t\t\t\t<div class=\"elementor-column elementor-col-100 elementor-top-column elementor-element elementor-element-e07d704\" data-id=\"e07d704\" data-element_type=\"column\">\n\t\t\t<div class=\"elementor-widget-wrap elementor-element-populated\">\n\t\t\t\t\t\t<div class=\"elementor-element elementor-element-f84f22c elementor-hidden-desktop elementor-hidden-tablet elementor-hidden-mobile elementor-widget elementor-widget-text-editor\" data-id=\"f84f22c\" data-element_type=\"widget\" data-widget_type=\"text-editor.default\">\n\t\t\t\t<div class=\"elementor-widget-container\">\n\t\t\t\t\t\t\t\t\t<h1><span style=\"color: #c36d00;\">Brochures des f\u00eates de fin d\u2019ann\u00e9e<br \/><\/span><\/h1><p><span style=\"color: #c36d00;\">\u00a0<\/span><\/p><p><span style=\"color: #c36d00;\">&#8216;<strong>BIRGER verse vis<\/strong>&#8216;<\/span> transforme votre table de f\u00eate en un festin !<\/p><p>Nous vous demandons de passer votre commande par t\u00e9l\u00e9phone au num\u00e9ro <strong><span style=\"color: #c36d00;\">058 23 80 13<\/span><\/strong> ou dans <strong><span style=\"color: #c36d00;\">le magasin<\/span><\/strong>.<\/p><p><span style=\"color: #c36d00;\"><span style=\"color: #ffffff;\">Pour vous donner un service optimal<\/span><\/span><strong><span style=\"color: #c36d00;\"> les commandes sont limit\u00e9es cette ann\u00e9e. <\/span><\/strong><\/p><p><strong><span style=\"color: #c36d00;\">Passer <\/span><\/strong><span style=\"color: #c36d00;\"><span style=\"color: #ffffff;\">votre commande<\/span><\/span><strong><span style=\"color: #c36d00;\"> \u00e0 temps est <\/span><\/strong><span style=\"color: #ffffff;\">donc<\/span><strong><span style=\"color: #c36d00;\"> le message.<\/span><\/strong><\/p><div id=\"ConnectiveDocSignExtentionInstalled\" data-extension-version=\"1.0.4\">\u00a0<\/div>\t\t\t\t\t\t\t\t<\/div>\n\t\t\t\t<\/div>\n\t\t\t\t<div class=\"elementor-element elementor-element-66639c6 elementor-align-center elementor-hidden-desktop elementor-hidden-tablet elementor-hidden-mobile elementor-widget elementor-widget-button\" data-id=\"66639c6\" data-element_type=\"widget\" data-widget_type=\"button.default\">\n\t\t\t\t<div class=\"elementor-widget-container\">\n\t\t\t\t\t\t\t\t\t<div class=\"elementor-button-wrapper\">\n\t\t\t\t\t<a class=\"elementor-button elementor-button-link elementor-size-sm\" href=\"https:\/\/vishandel-birger.be\/wp-content\/uploads\/2024\/12\/folder-2024-voor-en-achterkant-FR.pdf\" target=\"_blank\">\n\t\t\t\t\t\t<span class=\"elementor-button-content-wrapper\">\n\t\t\t\t\t\t\t\t\t<span class=\"elementor-button-text\">T\u00e9l\u00e9chargez Foldre<\/span>\n\t\t\t\t\t<\/span>\n\t\t\t\t\t<\/a>\n\t\t\t\t<\/div>\n\t\t\t\t\t\t\t\t<\/div>\n\t\t\t\t<\/div>\n\t\t\t\t<div class=\"elementor-element elementor-element-0d8dc23 elementor-align-center elementor-hidden-desktop elementor-hidden-tablet elementor-hidden-mobile elementor-widget elementor-widget-button\" data-id=\"0d8dc23\" data-element_type=\"widget\" data-widget_type=\"button.default\">\n\t\t\t\t<div class=\"elementor-widget-container\">\n\t\t\t\t\t\t\t\t\t<div class=\"elementor-button-wrapper\">\n\t\t\t\t\t<a class=\"elementor-button elementor-button-link elementor-size-sm\" href=\"https:\/\/vishandel-birger.be\/wp-content\/uploads\/2024\/12\/wijnkaart-promo-2024-FR.pdf\" target=\"_blank\">\n\t\t\t\t\t\t<span class=\"elementor-button-content-wrapper\">\n\t\t\t\t\t\t\t\t\t<span class=\"elementor-button-text\">T\u00e9l\u00e9charge Foldre du vin<\/span>\n\t\t\t\t\t<\/span>\n\t\t\t\t\t<\/a>\n\t\t\t\t<\/div>\n\t\t\t\t\t\t\t\t<\/div>\n\t\t\t\t<\/div>\n\t\t\t\t\t<\/div>\n\t\t<\/div>\n\t\t\t\t\t<\/div>\n\t\t<\/section>\n\t\t\t\t<\/div>","protected":false},"excerpt":{"rendered":"<p>Schotels Bestel \u00e9\u00e9n van onze overheerlijke visschotels en proef ons vakmanschap. Gelieve tenminste\u00a0 \u00e9\u00e9n dag op voorhand voor 10.00 uur telefonisch of in de winkel te bestellen. Bel ons op Bij elke schotel wordt \u00e9\u00e9n koud sausje per 2 personen naar keuze aangeboden! \u20ac 31,95 per persoon Visfondue &amp; -gourmet Samengesteld uit verschillende vaste vissoorten: [&hellip;]<\/p>","protected":false},"author":1,"featured_media":0,"parent":0,"menu_order":0,"comment_status":"closed","ping_status":"closed","template":"elementor_header_footer","meta":{"footnotes":""},"class_list":["post-20","page","type-page","status-publish","hentry"],"_links":{"self":[{"href":"https:\/\/vishandel-birger.be\/fr\/wp-json\/wp\/v2\/pages\/20","targetHints":{"allow":["GET"]}}],"collection":[{"href":"https:\/\/vishandel-birger.be\/fr\/wp-json\/wp\/v2\/pages"}],"about":[{"href":"https:\/\/vishandel-birger.be\/fr\/wp-json\/wp\/v2\/types\/page"}],"author":[{"embeddable":true,"href":"https:\/\/vishandel-birger.be\/fr\/wp-json\/wp\/v2\/users\/1"}],"replies":[{"embeddable":true,"href":"https:\/\/vishandel-birger.be\/fr\/wp-json\/wp\/v2\/comments?post=20"}],"version-history":[{"count":262,"href":"https:\/\/vishandel-birger.be\/fr\/wp-json\/wp\/v2\/pages\/20\/revisions"}],"predecessor-version":[{"id":2135,"href":"https:\/\/vishandel-birger.be\/fr\/wp-json\/wp\/v2\/pages\/20\/revisions\/2135"}],"wp:attachment":[{"href":"https:\/\/vishandel-birger.be\/fr\/wp-json\/wp\/v2\/media?parent=20"}],"curies":[{"name":"wp","href":"https:\/\/api.w.org\/{rel}","templated":true}]}}